{"id":2,"date":"2016-02-22T15:17:46","date_gmt":"2016-02-22T15:17:46","guid":{"rendered":"http:\/\/s345029971.mialojamiento.es\/desarrollo\/serjoma\/?page_id=2"},"modified":"2016-10-24T08:56:48","modified_gmt":"2016-10-24T08:56:48","slug":"portada","status":"publish","type":"page","link":"https:\/\/www.serjoma.com\/","title":{"rendered":"Portada"},"content":{"rendered":"<p>[et_pb_section transparent_background=\u00bboff\u00bb background_color=\u00bb#182434&#8243; allow_player_pause=\u00bboff\u00bb inner_shadow=\u00bboff\u00bb parallax=\u00bboff\u00bb parallax_method=\u00bboff\u00bb padding_mobile=\u00bboff\u00bb make_fullwidth=\u00bboff\u00bb use_custom_width=\u00bboff\u00bb width_unit=\u00bbon\u00bb custom_width_px=\u00bb1080px\u00bb custom_width_percent=\u00bb80%\u00bb make_equal=\u00bboff\u00bb use_custom_gutter=\u00bboff\u00bb fullwidth=\u00bbon\u00bb specialty=\u00bboff\u00bb admin_label=\u00bbSecci\u00f3n\u00bb disabled=\u00bboff\u00bb][et_pb_fullwidth_slider show_arrows=\u00bboff\u00bb show_pagination=\u00bboff\u00bb auto=\u00bboff\u00bb auto_speed=\u00bb7000&#8243; auto_ignore_hover=\u00bboff\u00bb parallax=\u00bboff\u00bb parallax_method=\u00bboff\u00bb remove_inner_shadow=\u00bboff\u00bb background_position=\u00bbdefault\u00bb background_size=\u00bbdefault\u00bb hide_content_on_mobile=\u00bboff\u00bb hide_cta_on_mobile=\u00bboff\u00bb show_image_video_mobile=\u00bboff\u00bb disabled_on=\u00bboff|off|off\u00bb admin_label=\u00bbControl deslizante de anchura completa\u00bb header_font_size=\u00bb50&#8243; header_font_size_phone=\u00bb28&#8243; body_font_size=\u00bb28&#8243; body_font_size_phone=\u00bb16&#8243; body_line_height=\u00bb1.5em\u00bb custom_button=\u00bboff\u00bb button_text_size=\u00bb20&#8243; button_letter_spacing=\u00bb0&#8243; button_use_icon=\u00bbdefault\u00bb button_icon_placement=\u00bbright\u00bb button_on_hover=\u00bbon\u00bb button_letter_spacing_hover=\u00bb0&#8243; disabled=\u00bboff\u00bb][et_pb_slide heading=\u00bbPanasonic Visual System Solutions\u00bb button_link=\u00bb#\u00bb background_image=\u00bb\/wp-content\/uploads\/2016\/02\/portada_serjoma.jpg\u00bb background_position=\u00bbcenter\u00bb background_size=\u00bbcontain\u00bb background_color=\u00bb#182434&#8243; use_bg_overlay=\u00bboff\u00bb use_text_overlay=\u00bboff\u00bb alignment=\u00bbcenter\u00bb background_layout=\u00bbdark\u00bb allow_player_pause=\u00bboff\u00bb text_border_radius=\u00bb3&#8243; header_font=\u00bbOpen Sans Condensed|on|||\u00bb header_font_size_phone=\u00bb24&#8243; header_line_height=\u00bb1.5em\u00bb header_line_height_tablet=\u00bb1.5em\u00bb header_line_height_phone=\u00bb1.5em\u00bb body_font=\u00bbSource Sans Pro||||\u00bb body_font_size_tablet=\u00bb24&#8243; body_font_size_phone=\u00bb24&#8243; custom_button=\u00bboff\u00bb button_font=\u00bb||||\u00bb button_use_icon=\u00bbdefault\u00bb button_icon_placement=\u00bbright\u00bb button_on_hover=\u00bbon\u00bb disabled=\u00bboff\u00bb]<\/p>\n<p><img loading=\"lazy\" decoding=\"async\" class=\"size-full wp-image-3569 aligncenter\" src=\"http:\/\/s630753080.mialojamiento.es\/wp-content\/uploads\/2016\/02\/logo-serjoma.png\" alt=\"logo-serjoma\" width=\"364\" height=\"60\" srcset=\"https:\/\/www.serjoma.com\/wp-content\/uploads\/2016\/02\/logo-serjoma.png 364w, https:\/\/www.serjoma.com\/wp-content\/uploads\/2016\/02\/logo-serjoma-300x49.png 300w\" sizes=\"auto, (max-width: 364px) 100vw, 364px\" \/><\/p>\n<p><strong>Serjoma, S.L<\/strong>,\u00a0distribuidor mayorista de Panasonic Visual Systems Solutions, ofrece soluciones de vanguardia en sistemas de visualizaci\u00f3n con los productos m\u00e1s innovadores del mercado en materia de proyectores, pantallas profesionales y otros productos relacionados.<\/p>\n<p>[\/et_pb_slide][\/et_pb_fullwidth_slider][\/et_pb_section][et_pb_section transparent_background=\u00bboff\u00bb allow_player_pause=\u00bboff\u00bb inner_shadow=\u00bboff\u00bb parallax=\u00bboff\u00bb parallax_method=\u00bbon\u00bb padding_mobile=\u00bboff\u00bb make_fullwidth=\u00bboff\u00bb use_custom_width=\u00bboff\u00bb width_unit=\u00bboff\u00bb custom_width_px=\u00bb1080px\u00bb custom_width_percent=\u00bb80%\u00bb make_equal=\u00bboff\u00bb use_custom_gutter=\u00bboff\u00bb fullwidth=\u00bboff\u00bb specialty=\u00bboff\u00bb admin_label=\u00bbsection\u00bb disabled=\u00bboff\u00bb][et_pb_row make_fullwidth=\u00bboff\u00bb use_custom_width=\u00bboff\u00bb width_unit=\u00bbon\u00bb custom_width_px=\u00bb1080px\u00bb custom_width_percent=\u00bb80%\u00bb use_custom_gutter=\u00bbon\u00bb gutter_width=\u00bb1&#8243; padding_mobile=\u00bboff\u00bb allow_player_pause=\u00bboff\u00bb parallax=\u00bboff\u00bb parallax_method=\u00bboff\u00bb make_equal=\u00bbon\u00bb column_padding_mobile=\u00bbon\u00bb background_color_1=\u00bb#ffffff\u00bb background_color_2=\u00bb#ffffff\u00bb parallax_1=\u00bboff\u00bb parallax_method_1=\u00bboff\u00bb parallax_2=\u00bboff\u00bb parallax_method_2=\u00bboff\u00bb parallax_3=\u00bboff\u00bb parallax_method_3=\u00bboff\u00bb parallax_4=\u00bboff\u00bb parallax_method_4=\u00bbon\u00bb custom_css_main_1=\u00bbborder-width: 1px;||border-style: solid;||border-color: #e3e3e3;\u00bb custom_css_main_2=\u00bbborder-width: 1px;||border-style: solid;||border-color: #e3e3e3;\u00bb custom_css_main_3=\u00bbborder-width: 1px;||border-style: solid;||border-color: #e3e3e3;\u00bb admin_label=\u00bbFila\u00bb disabled=\u00bboff\u00bb][et_pb_column type=\u00bb1_4&#8243; disabled=\u00bboff\u00bb background_color=\u00bb#ffffff\u00bb custom_css_main=\u00bbborder-width: 1px;||border-style: solid;||border-color: #e3e3e3;\u00bb parallax=\u00bboff\u00bb parallax_method=\u00bboff\u00bb column_padding_mobile=\u00bbon\u00bb][et_pb_blurb title=\u00bbProyectores\u00bb url=\u00bb\/proyectores\u00bb url_new_window=\u00bboff\u00bb use_icon=\u00bboff\u00bb icon_color=\u00bb#00a8ff\u00bb use_circle=\u00bboff\u00bb circle_color=\u00bb#00a8ff\u00bb use_circle_border=\u00bboff\u00bb circle_border_color=\u00bb#00a8ff\u00bb image=\u00bbhttp:\/\/www.serjoma.com\/wp-content\/uploads\/2016\/02\/anuncio_proyectores.jpg\u00bb alt=\u00bbProyectores Profesionales Panasonic\u00bb icon_placement=\u00bbtop\u00bb animation=\u00bboff\u00bb background_layout=\u00bblight\u00bb text_orientation=\u00bbleft\u00bb use_icon_font_size=\u00bboff\u00bb icon_font_size=\u00bb96px\u00bb admin_label=\u00bbProyectores Panasonic\u00bb module_class=\u00bbserjoma-blurb-hover\u00bb use_border_color=\u00bboff\u00bb border_color=\u00bb#e3e3e3&#8243; border_width=\u00bb1px\u00bb border_style=\u00bbsolid\u00bb custom_padding=\u00bb10px|10px|10px|10px\u00bb custom_css_blurb_image=\u00bbmargin-bottom: 10px;\u00bb custom_css_blurb_content=\u00bbpadding: 10px;\u00bb disabled=\u00bboff\u00bb] Proyectores para grandes espacios, auditorios, salas de reuni\u00f3n, port\u00e1tiles y cine en casa. [\/et_pb_blurb][\/et_pb_column][et_pb_column type=\u00bb1_4&#8243; disabled=\u00bboff\u00bb background_color=\u00bb#ffffff\u00bb custom_css_main=\u00bbborder-width: 1px;||border-style: solid;||border-color: #e3e3e3;\u00bb parallax=\u00bboff\u00bb parallax_method=\u00bboff\u00bb column_padding_mobile=\u00bbon\u00bb][et_pb_blurb title=\u00bbPantallas Profesionales\u00bb url=\u00bb\/pantallas\u00bb url_new_window=\u00bboff\u00bb use_icon=\u00bboff\u00bb icon_color=\u00bb#00a8ff\u00bb use_circle=\u00bboff\u00bb circle_color=\u00bb#00a8ff\u00bb use_circle_border=\u00bboff\u00bb circle_border_color=\u00bb#00a8ff\u00bb image=\u00bb\/wp-content\/uploads\/2016\/02\/anuncio_pantallas.jpg\u00bb icon_placement=\u00bbtop\u00bb animation=\u00bboff\u00bb background_layout=\u00bblight\u00bb text_orientation=\u00bbleft\u00bb use_icon_font_size=\u00bboff\u00bb icon_font_size=\u00bb96px\u00bb admin_label=\u00bbPantallas Panasonic\u00bb module_class=\u00bbserjoma-blurb-hover\u00bb use_border_color=\u00bboff\u00bb border_color=\u00bb#e3e3e3&#8243; border_width=\u00bb1px\u00bb border_style=\u00bbsolid\u00bb custom_css_blurb_image=\u00bbmargin-bottom: 10px;\u00bb custom_css_blurb_content=\u00bbpadding: 10px;\u00bb disabled=\u00bboff\u00bb]<\/p>\n<p>Pantallas para todos los entornos como aeropuertos, escaparates o exteriores.<\/p>\n<p>\u00a0<\/p>\n<p>[\/et_pb_blurb][\/et_pb_column][et_pb_column type=\u00bb1_2&#8243; disabled=\u00bboff\u00bb custom_css_main=\u00bbborder-width: 1px;||border-style: solid;||border-color: #e3e3e3;\u00bb parallax=\u00bboff\u00bb parallax_method=\u00bboff\u00bb column_padding_mobile=\u00bbon\u00bb][et_pb_blurb title=\u00bbSoluciones Visuales\u00bb url_new_window=\u00bboff\u00bb use_icon=\u00bboff\u00bb icon_color=\u00bb#00a8ff\u00bb use_circle=\u00bboff\u00bb circle_color=\u00bb#00a8ff\u00bb use_circle_border=\u00bboff\u00bb circle_border_color=\u00bb#00a8ff\u00bb image=\u00bb\/wp-content\/uploads\/2016\/02\/solution_img.png\u00bb icon_placement=\u00bbleft\u00bb animation=\u00bboff\u00bb background_layout=\u00bblight\u00bb text_orientation=\u00bbleft\u00bb use_icon_font_size=\u00bboff\u00bb icon_font_size=\u00bb96px\u00bb admin_label=\u00bbSoluciones Visuales\u00bb module_class=\u00bbserjoma-blurb-hover\u00bb background_color=\u00bb#fbfbfb\u00bb use_border_color=\u00bboff\u00bb border_color=\u00bb#e3e3e3&#8243; border_width=\u00bb1px\u00bb border_style=\u00bbsolid\u00bb custom_margin=\u00bb||0px|\u00bb custom_padding=\u00bb25px|25px|25px|25px\u00bb custom_css_blurb_image=\u00bbwidth: 133px;\u00bb disabled=\u00bboff\u00bb] Las im\u00e1genes digitales est\u00e1n por todas partes para ofrecer\u00a0comunicados importantes, compartir ideas, con fines de entretenimiento y otros muchos \u00e1mbitos. Panasonic Visual Systems Solutions ofrece las \u00faltimas innovaciones en tecnolog\u00eda visual \u00a0que seguro cubrir\u00e1n\u00a0sus necesidades visuales. [\/et_pb_blurb][et_pb_text background_layout=\u00bblight\u00bb text_orientation=\u00bbleft\u00bb admin_label=\u00bbTexto\u00bb use_border_color=\u00bboff\u00bb border_color=\u00bb#e3e3e3&#8243; border_style=\u00bbsolid\u00bb custom_margin=\u00bb0px|||\u00bb custom_padding=\u00bb|25px||25px\u00bb custom_css_main_element=\u00bbborder-top: none !important;\u00bb disabled=\u00bboff\u00bb][one_third]<\/p>\n<ul>\n<li><a href=\"#\">Alquiler y escenarios para grandes acontecimientos<\/a><\/li>\n<li><a href=\"#\">Salas de control<\/a><\/li>\n<li><a href=\"#\">Centros comerciales \/ Tiendas<\/a><\/li>\n<li><a href=\"#\">Museos<\/a><\/li>\n<\/ul>\n<p>[\/one_third][one_third]<\/p>\n<ul>\n<li><a href=\"#\">Restaurantes \/ Bares<\/a><\/li>\n<li><a href=\"#\">Transportes<\/a><\/li>\n<li><a href=\"#\">Casinos \/ Salones de juego<\/a><\/li>\n<li><a href=\"#\">Uso corporativo<\/a><\/li>\n<\/ul>\n<p>[\/one_third][one_third_last]<\/p>\n<ul>\n<li><a href=\"#\">Educaci\u00f3n<\/a><\/li>\n<li><a href=\"#\">Hoteles<\/a><\/li>\n<li><a href=\"#\">Cine en casa<\/a><\/li>\n<\/ul>\n<p>[\/one_third_last]<br \/>\n[\/et_pb_text][\/et_pb_column][\/et_pb_row][\/et_pb_section][et_pb_section transparent_background=\u00bboff\u00bb background_color=\u00bb#333333&#8243; allow_player_pause=\u00bboff\u00bb inner_shadow=\u00bboff\u00bb parallax=\u00bboff\u00bb parallax_method=\u00bboff\u00bb padding_mobile=\u00bboff\u00bb make_fullwidth=\u00bboff\u00bb use_custom_width=\u00bboff\u00bb width_unit=\u00bbon\u00bb custom_width_px=\u00bb1080px\u00bb custom_width_percent=\u00bb80%\u00bb make_equal=\u00bboff\u00bb use_custom_gutter=\u00bboff\u00bb fullwidth=\u00bboff\u00bb specialty=\u00bboff\u00bb admin_label=\u00bbSecci\u00f3n\u00bb custom_css_main_element=\u00bbpadding-top: 0px !important;||padding-bottom: 0px !important;\u00bb disabled=\u00bboff\u00bb][et_pb_row make_fullwidth=\u00bbon\u00bb use_custom_width=\u00bboff\u00bb width_unit=\u00bbon\u00bb custom_width_px=\u00bb1080px\u00bb custom_width_percent=\u00bb80%\u00bb use_custom_gutter=\u00bbon\u00bb gutter_width=\u00bb1&#8243; custom_padding=\u00bb0px|0px|0px|0px\u00bb padding_mobile=\u00bboff\u00bb allow_player_pause=\u00bboff\u00bb parallax=\u00bboff\u00bb parallax_method=\u00bboff\u00bb make_equal=\u00bbon\u00bb column_padding_mobile=\u00bbon\u00bb parallax_1=\u00bboff\u00bb parallax_method_1=\u00bboff\u00bb parallax_2=\u00bboff\u00bb parallax_method_2=\u00bboff\u00bb parallax_3=\u00bboff\u00bb parallax_method_3=\u00bbon\u00bb parallax_4=\u00bboff\u00bb parallax_method_4=\u00bbon\u00bb admin_label=\u00bbFila\u00bb custom_css_main_element=\u00bbpadding-top: 0px !important;||padding-bottom: 0px !important;\u00bb disabled=\u00bboff\u00bb][et_pb_column type=\u00bb1_2&#8243; disabled=\u00bboff\u00bb parallax=\u00bboff\u00bb parallax_method=\u00bboff\u00bb column_padding_mobile=\u00bbon\u00bb][et_pb_post_slider posts_number=\u00bb5&#8243; include_categories=\u00bb1&#8243; orderby=\u00bbdate_desc\u00bb show_arrows=\u00bboff\u00bb show_pagination=\u00bbon\u00bb show_more_button=\u00bbon\u00bb more_text=\u00bbLeer noticia\u00bb content_source=\u00bboff\u00bb use_manual_excerpt=\u00bbon\u00bb excerpt_length=\u00bb200&#8243; show_meta=\u00bboff\u00bb background_layout=\u00bbdark\u00bb show_image=\u00bbon\u00bb image_placement=\u00bbbackground\u00bb parallax=\u00bboff\u00bb parallax_method=\u00bbon\u00bb use_bg_overlay=\u00bbon\u00bb bg_overlay_color=\u00bbrgba(0,0,0,0.5)\u00bb use_text_overlay=\u00bboff\u00bb text_overlay_color=\u00bbrgba(0,0,0,0.5)\u00bb remove_inner_shadow=\u00bbon\u00bb background_position=\u00bbdefault\u00bb background_size=\u00bbdefault\u00bb auto=\u00bbon\u00bb auto_speed=\u00bb10000&#8243; auto_ignore_hover=\u00bboff\u00bb hide_content_on_mobile=\u00bboff\u00bb hide_cta_on_mobile=\u00bboff\u00bb show_image_video_mobile=\u00bboff\u00bb text_border_radius=\u00bb3&#8243; admin_label=\u00bb\u00daltimas Noticias\u00bb header_font_size=\u00bb24&#8243; meta_font_size=\u00bb16px\u00bb meta_letter_spacing=\u00bb0&#8243; meta_line_height=\u00bb1em\u00bb custom_button=\u00bbon\u00bb button_text_size=\u00bb16&#8243; button_text_color=\u00bb#333333&#8243; button_bg_color=\u00bb#ededed\u00bb button_border_width=\u00bb0&#8243; button_letter_spacing=\u00bb0&#8243; button_font=\u00bbOpen Sans Condensed||||\u00bb button_use_icon=\u00bboff\u00bb button_icon=\u00bb%%71%%\u00bb button_icon_placement=\u00bbright\u00bb button_on_hover=\u00bbon\u00bb button_text_color_hover=\u00bb#ffffff\u00bb button_bg_color_hover=\u00bb#007b84&#8243; button_letter_spacing_hover=\u00bb0&#8243; custom_css_slide_description=\u00bbheight: 360px;\u00bb custom_css_slide_image=\u00bbheight: 350px!important;\u00bb disabled=\u00bboff\u00bb] [\/et_pb_post_slider][et_pb_divider color=\u00bb#ffffff\u00bb height=\u00bb50&#8243; divider_style=\u00bbsolid\u00bb divider_position=\u00bbtop\u00bb divider_weight=\u00bb1px\u00bb hide_on_mobile=\u00bboff\u00bb admin_label=\u00bbSeparador\u00bb disabled=\u00bboff\u00bb] [\/et_pb_divider][et_pb_button button_url=\u00bb\/noticias\u00bb url_new_window=\u00bboff\u00bb button_text=\u00bbNoticias\u00bb button_alignment=\u00bbcenter\u00bb background_layout=\u00bbdark\u00bb admin_label=\u00bbBot\u00f3n Todas las noticias\u00bb custom_button=\u00bbon\u00bb button_text_size=\u00bb30&#8243; button_text_color=\u00bb#ffffff\u00bb button_bg_color=\u00bbrgba(51,51,51,0)\u00bb button_border_width=\u00bb0&#8243; button_letter_spacing=\u00bb0&#8243; button_font=\u00bbSource Sans Pro|on||on|\u00bb button_use_icon=\u00bbon\u00bb button_icon=\u00bb%%20%%\u00bb button_icon_color=\u00bb#ffffff\u00bb button_icon_placement=\u00bbright\u00bb button_on_hover=\u00bbon\u00bb button_letter_spacing_hover=\u00bb0&#8243; disabled=\u00bboff\u00bb] [\/et_pb_button][et_pb_divider color=\u00bb#ffffff\u00bb height=\u00bb50&#8243; divider_style=\u00bbsolid\u00bb divider_position=\u00bbtop\u00bb divider_weight=\u00bb1px\u00bb hide_on_mobile=\u00bboff\u00bb admin_label=\u00bbSeparador\u00bb disabled=\u00bboff\u00bb] [\/et_pb_divider][\/et_pb_column][et_pb_column type=\u00bb1_2&#8243; disabled=\u00bboff\u00bb parallax=\u00bboff\u00bb parallax_method=\u00bboff\u00bb column_padding_mobile=\u00bbon\u00bb][et_pb_divider color=\u00bb#ffffff\u00bb height=\u00bb50&#8243; divider_style=\u00bbsolid\u00bb divider_position=\u00bbtop\u00bb divider_weight=\u00bb1px\u00bb hide_on_mobile=\u00bboff\u00bb admin_label=\u00bbSeparador\u00bb disabled=\u00bboff\u00bb] [\/et_pb_divider][et_pb_button button_url=\u00bb\/casos-de-exito\u00bb url_new_window=\u00bboff\u00bb button_text=\u00bbCasos de \u00e9xito\u00bb button_alignment=\u00bbcenter\u00bb background_layout=\u00bbdark\u00bb admin_label=\u00bbBot\u00f3n Todos los casos de \u00e9xito\u00bb custom_button=\u00bbon\u00bb button_text_size=\u00bb30&#8243; button_text_color=\u00bb#ffffff\u00bb button_bg_color=\u00bb#333333&#8243; button_border_width=\u00bb0&#8243; button_border_radius=\u00bb0&#8243; button_letter_spacing=\u00bb0&#8243; button_font=\u00bbSource Sans Pro|on||on|\u00bb button_use_icon=\u00bbon\u00bb button_icon=\u00bb%%19%%\u00bb button_icon_color=\u00bb#ffffff\u00bb button_icon_placement=\u00bbleft\u00bb button_on_hover=\u00bbon\u00bb button_letter_spacing_hover=\u00bb0&#8243; disabled=\u00bboff\u00bb] [\/et_pb_button][et_pb_divider color=\u00bb#ffffff\u00bb height=\u00bb50&#8243; divider_style=\u00bbsolid\u00bb divider_position=\u00bbtop\u00bb divider_weight=\u00bb1px\u00bb hide_on_mobile=\u00bboff\u00bb admin_label=\u00bbSeparador\u00bb disabled=\u00bboff\u00bb] [\/et_pb_divider][et_pb_post_slider posts_number=\u00bb5&#8243; include_categories=\u00bb28&#8243; orderby=\u00bbdate_desc\u00bb show_arrows=\u00bboff\u00bb show_pagination=\u00bbon\u00bb show_more_button=\u00bbon\u00bb more_text=\u00bbVer este caso de \u00e9xito\u00bb content_source=\u00bboff\u00bb use_manual_excerpt=\u00bbon\u00bb excerpt_length=\u00bb200&#8243; show_meta=\u00bboff\u00bb background_layout=\u00bbdark\u00bb show_image=\u00bbon\u00bb image_placement=\u00bbbackground\u00bb parallax=\u00bboff\u00bb parallax_method=\u00bbon\u00bb use_bg_overlay=\u00bbon\u00bb bg_overlay_color=\u00bbrgba(0,0,0,0.7)\u00bb use_text_overlay=\u00bboff\u00bb text_overlay_color=\u00bbrgba(0,0,0,0.5)\u00bb remove_inner_shadow=\u00bbon\u00bb background_position=\u00bbdefault\u00bb background_size=\u00bbdefault\u00bb auto=\u00bbon\u00bb auto_speed=\u00bb9000&#8243; auto_ignore_hover=\u00bboff\u00bb hide_content_on_mobile=\u00bboff\u00bb hide_cta_on_mobile=\u00bboff\u00bb show_image_video_mobile=\u00bboff\u00bb text_border_radius=\u00bb3&#8243; admin_label=\u00bbCasos de \u00c9xito\u00bb header_font_size=\u00bb24&#8243; meta_font_size=\u00bb16px\u00bb meta_letter_spacing=\u00bb0&#8243; meta_line_height=\u00bb1em\u00bb custom_button=\u00bbon\u00bb button_text_size=\u00bb16&#8243; button_text_color=\u00bb#333333&#8243; button_bg_color=\u00bb#ededed\u00bb button_border_width=\u00bb0&#8243; button_letter_spacing=\u00bb0&#8243; button_font=\u00bbOpen Sans Condensed||||\u00bb button_use_icon=\u00bboff\u00bb button_icon=\u00bb%%71%%\u00bb button_icon_placement=\u00bbright\u00bb button_on_hover=\u00bbon\u00bb button_text_color_hover=\u00bb#ffffff\u00bb button_bg_color_hover=\u00bb#007b84&#8243; button_letter_spacing_hover=\u00bb0&#8243; custom_css_slide_description=\u00bbheight: 360px;\u00bb custom_css_slide_image=\u00bbheight: 350px!important;\u00bb disabled=\u00bboff\u00bb] [\/et_pb_post_slider][\/et_pb_column][\/et_pb_row][\/et_pb_section]<\/p>\n","protected":false},"excerpt":{"rendered":"<p>[et_pb_section transparent_background=\u00bboff\u00bb background_color=\u00bb#182434&#8243; allow_player_pause=\u00bboff\u00bb inner_shadow=\u00bboff\u00bb parallax=\u00bboff\u00bb parallax_method=\u00bboff\u00bb padding_mobile=\u00bboff\u00bb make_fullwidth=\u00bboff\u00bb use_custom_width=\u00bboff\u00bb width_unit=\u00bbon\u00bb custom_width_px=\u00bb1080px\u00bb custom_width_percent=\u00bb80%\u00bb make_equal=\u00bboff\u00bb use_custom_gutter=\u00bboff\u00bb fullwidth=\u00bbon\u00bb specialty=\u00bboff\u00bb admin_label=\u00bbSecci\u00f3n\u00bb disabled=\u00bboff\u00bb][et_pb_fullwidth_slider show_arrows=\u00bboff\u00bb show_pagination=\u00bboff\u00bb auto=\u00bboff\u00bb auto_speed=\u00bb7000&#8243; auto_ignore_hover=\u00bboff\u00bb parallax=\u00bboff\u00bb parallax_method=\u00bboff\u00bb remove_inner_shadow=\u00bboff\u00bb background_position=\u00bbdefault\u00bb background_size=\u00bbdefault\u00bb hide_content_on_mobile=\u00bboff\u00bb hide_cta_on_mobile=\u00bboff\u00bb show_image_video_mobile=\u00bboff\u00bb disabled_on=\u00bboff|off|off\u00bb admin_label=\u00bbControl deslizante de anchura completa\u00bb header_font_size=\u00bb50&#8243; header_font_size_phone=\u00bb28&#8243; body_font_size=\u00bb28&#8243; body_font_size_phone=\u00bb16&#8243; body_line_height=\u00bb1.5em\u00bb custom_button=\u00bboff\u00bb button_text_size=\u00bb20&#8243; button_letter_spacing=\u00bb0&#8243; button_use_icon=\u00bbdefault\u00bb button_icon_placement=\u00bbright\u00bb button_on_hover=\u00bbon\u00bb button_letter_spacing_hover=\u00bb0&#8243; disabled=\u00bboff\u00bb][et_pb_slide heading=\u00bbPanasonic Visual System Solutions\u00bb &hellip; <\/p>\n<p class=\"link-more\"><a href=\"https:\/\/www.serjoma.com\/\" class=\"more-link\">Continuar leyendo<span class=\"screen-reader-text\"> \u00abPortada\u00bb<\/span><\/a><\/p>\n","protected":false},"author":2,"featured_media":49,"parent":0,"menu_order":0,"comment_status":"closed","ping_status":"closed","template":"","meta":{"footnotes":""},"class_list":["post-2","page","type-page","status-publish","has-post-thumbnail","hentry"],"_links":{"self":[{"href":"https:\/\/www.serjoma.com\/index.php?rest_route=\/wp\/v2\/pages\/2","targetHints":{"allow":["GET"]}}],"collection":[{"href":"https:\/\/www.serjoma.com\/index.php?rest_route=\/wp\/v2\/pages"}],"about":[{"href":"https:\/\/www.serjoma.com\/index.php?rest_route=\/wp\/v2\/types\/page"}],"author":[{"embeddable":true,"href":"https:\/\/www.serjoma.com\/index.php?rest_route=\/wp\/v2\/users\/2"}],"replies":[{"embeddable":true,"href":"https:\/\/www.serjoma.com\/index.php?rest_route=%2Fwp%2Fv2%2Fcomments&post=2"}],"version-history":[{"count":10,"href":"https:\/\/www.serjoma.com\/index.php?rest_route=\/wp\/v2\/pages\/2\/revisions"}],"predecessor-version":[{"id":4270,"href":"https:\/\/www.serjoma.com\/index.php?rest_route=\/wp\/v2\/pages\/2\/revisions\/4270"}],"wp:featuredmedia":[{"embeddable":true,"href":"https:\/\/www.serjoma.com\/index.php?rest_route=\/wp\/v2\/media\/49"}],"wp:attachment":[{"href":"https:\/\/www.serjoma.com\/index.php?rest_route=%2Fwp%2Fv2%2Fmedia&parent=2"}],"curies":[{"name":"wp","href":"https:\/\/api.w.org\/{rel}","templated":true}]}}